{"id":289,"date":"2018-11-19T18:54:50","date_gmt":"2018-11-19T17:54:50","guid":{"rendered":"http:\/\/www.cn-mazamet-aussillon.fr\/?page_id=289"},"modified":"2025-10-07T15:23:08","modified_gmt":"2025-10-07T14:23:08","slug":"boutique","status":"publish","type":"page","link":"https:\/\/www.cn-mazamet-aussillon.fr\/?page_id=289","title":{"rendered":"Boutique"},"content":{"rendered":"<p><span style=\"color: #339966;\"><strong>Nouveau (en continuit\u00e9 de la saison pr\u00e9c\u00e9dente)<\/strong><\/span><\/p>\n<p>(t\u00e9l\u00e9charger le bon commande)<\/p>\n<p><span style=\"color: #008000;\"><strong><a href=\"http:\/\/www.cn-mazamet-aussillon.fr\/wp-content\/uploads\/2025\/07\/BON-COMMANDE-TEXTIL-CLUB-MAZAMET.pdf\">BON COMMANDE TEXTIL CLUB MAZAMET<\/a><\/strong><\/span><\/p>\n<p><a href=\"http:\/\/www.cn-mazamet-aussillon.fr\/wp-content\/uploads\/2022\/09\/P1050077.jpg\"><img loading=\"lazy\" decoding=\"async\" class=\"alignnone size-medium wp-image-1470\" src=\"http:\/\/www.cn-mazamet-aussillon.fr\/wp-content\/uploads\/2022\/09\/P1050077-300x225.jpg\" alt=\"\" width=\"300\" height=\"225\" srcset=\"https:\/\/www.cn-mazamet-aussillon.fr\/wp-content\/uploads\/2022\/09\/P1050077-300x225.jpg 300w, https:\/\/www.cn-mazamet-aussillon.fr\/wp-content\/uploads\/2022\/09\/P1050077-768x576.jpg 768w, https:\/\/www.cn-mazamet-aussillon.fr\/wp-content\/uploads\/2022\/09\/P1050077-1024x768.jpg 1024w\" sizes=\"auto, (max-width: 300px) 100vw, 300px\" \/><\/a> <a href=\"http:\/\/www.cn-mazamet-aussillon.fr\/wp-content\/uploads\/2022\/09\/P1050081.jpg\"><img loading=\"lazy\" decoding=\"async\" class=\"alignnone size-medium wp-image-1467\" src=\"http:\/\/www.cn-mazamet-aussillon.fr\/wp-content\/uploads\/2022\/09\/P1050081-300x225.jpg\" alt=\"\" width=\"300\" height=\"225\" srcset=\"https:\/\/www.cn-mazamet-aussillon.fr\/wp-content\/uploads\/2022\/09\/P1050081-300x225.jpg 300w, https:\/\/www.cn-mazamet-aussillon.fr\/wp-content\/uploads\/2022\/09\/P1050081-768x576.jpg 768w, https:\/\/www.cn-mazamet-aussillon.fr\/wp-content\/uploads\/2022\/09\/P1050081-1024x768.jpg 1024w\" sizes=\"auto, (max-width: 300px) 100vw, 300px\" \/><\/a> <a href=\"http:\/\/www.cn-mazamet-aussillon.fr\/wp-content\/uploads\/2022\/09\/P1050080.jpg\"><img loading=\"lazy\" decoding=\"async\" class=\"alignnone size-medium wp-image-1465\" src=\"http:\/\/www.cn-mazamet-aussillon.fr\/wp-content\/uploads\/2022\/09\/P1050080-300x225.jpg\" alt=\"\" width=\"300\" height=\"225\" srcset=\"https:\/\/www.cn-mazamet-aussillon.fr\/wp-content\/uploads\/2022\/09\/P1050080-300x225.jpg 300w, https:\/\/www.cn-mazamet-aussillon.fr\/wp-content\/uploads\/2022\/09\/P1050080-768x576.jpg 768w, https:\/\/www.cn-mazamet-aussillon.fr\/wp-content\/uploads\/2022\/09\/P1050080-1024x768.jpg 1024w\" sizes=\"auto, (max-width: 300px) 100vw, 300px\" \/><\/a> <a href=\"http:\/\/www.cn-mazamet-aussillon.fr\/wp-content\/uploads\/2022\/09\/P1050076.jpg\"><img loading=\"lazy\" decoding=\"async\" class=\"alignnone size-medium wp-image-1464\" src=\"http:\/\/www.cn-mazamet-aussillon.fr\/wp-content\/uploads\/2022\/09\/P1050076-300x225.jpg\" alt=\"\" width=\"300\" height=\"225\" srcset=\"https:\/\/www.cn-mazamet-aussillon.fr\/wp-content\/uploads\/2022\/09\/P1050076-300x225.jpg 300w, https:\/\/www.cn-mazamet-aussillon.fr\/wp-content\/uploads\/2022\/09\/P1050076-768x576.jpg 768w, https:\/\/www.cn-mazamet-aussillon.fr\/wp-content\/uploads\/2022\/09\/P1050076-1024x768.jpg 1024w\" sizes=\"auto, (max-width: 300px) 100vw, 300px\" \/><\/a><\/p>\n<p><span style=\"color: #008000;\"><strong>Bonnet\u00a0 6\u20ac<\/strong><\/span><\/p>\n<p><a href=\"http:\/\/www.cn-mazamet-aussillon.fr\/wp-content\/uploads\/2023\/05\/P1050662.jpg\"><img loading=\"lazy\" decoding=\"async\" class=\"alignnone size-medium wp-image-1797\" src=\"http:\/\/www.cn-mazamet-aussillon.fr\/wp-content\/uploads\/2023\/05\/P1050662-300x225.jpg\" alt=\"\" width=\"300\" height=\"225\" srcset=\"https:\/\/www.cn-mazamet-aussillon.fr\/wp-content\/uploads\/2023\/05\/P1050662-300x225.jpg 300w, https:\/\/www.cn-mazamet-aussillon.fr\/wp-content\/uploads\/2023\/05\/P1050662-768x576.jpg 768w, https:\/\/www.cn-mazamet-aussillon.fr\/wp-content\/uploads\/2023\/05\/P1050662-1024x768.jpg 1024w\" sizes=\"auto, (max-width: 300px) 100vw, 300px\" \/><\/a><\/p>\n<p>&nbsp;<\/p>\n","protected":false},"excerpt":{"rendered":"<p class=\"excerpt\">Nouveau (en continuit\u00e9 de la saison pr\u00e9c\u00e9dente) (t\u00e9l\u00e9charger le bon commande) BON COMMANDE TEXTIL CLUB MAZAMET Bonnet\u00a0 6\u20ac &nbsp; <a href=\"https:\/\/www.cn-mazamet-aussillon.fr\/?page_id=289\">Read more &rarr;<\/a><\/p>\n","protected":false},"author":1,"featured_media":0,"parent":0,"menu_order":0,"comment_status":"closed","ping_status":"closed","template":"","meta":{"footnotes":""},"class_list":["post-289","page","type-page","status-publish","hentry","xfolkentry"],"_links":{"self":[{"href":"https:\/\/www.cn-mazamet-aussillon.fr\/index.php?rest_route=\/wp\/v2\/pages\/289","targetHints":{"allow":["GET"]}}],"collection":[{"href":"https:\/\/www.cn-mazamet-aussillon.fr\/index.php?rest_route=\/wp\/v2\/pages"}],"about":[{"href":"https:\/\/www.cn-mazamet-aussillon.fr\/index.php?rest_route=\/wp\/v2\/types\/page"}],"author":[{"embeddable":true,"href":"https:\/\/www.cn-mazamet-aussillon.fr\/index.php?rest_route=\/wp\/v2\/users\/1"}],"replies":[{"embeddable":true,"href":"https:\/\/www.cn-mazamet-aussillon.fr\/index.php?rest_route=%2Fwp%2Fv2%2Fcomments&post=289"}],"version-history":[{"count":29,"href":"https:\/\/www.cn-mazamet-aussillon.fr\/index.php?rest_route=\/wp\/v2\/pages\/289\/revisions"}],"predecessor-version":[{"id":1948,"href":"https:\/\/www.cn-mazamet-aussillon.fr\/index.php?rest_route=\/wp\/v2\/pages\/289\/revisions\/1948"}],"wp:attachment":[{"href":"https:\/\/www.cn-mazamet-aussillon.fr\/index.php?rest_route=%2Fwp%2Fv2%2Fmedia&parent=289"}],"curies":[{"name":"wp","href":"https:\/\/api.w.org\/{rel}","templated":true}]}}