{"id":2037,"date":"2025-11-16T12:19:37","date_gmt":"2025-11-16T11:19:37","guid":{"rendered":"https:\/\/www.cn-mazamet-aussillon.fr\/?page_id=2037"},"modified":"2025-12-25T12:56:56","modified_gmt":"2025-12-25T11:56:56","slug":"accueil","status":"publish","type":"page","link":"https:\/\/www.cn-mazamet-aussillon.fr\/","title":{"rendered":"Accueil"},"content":{"rendered":"\n<div class=\"titre-inscription\">\n    BIENVENUE AU CLUB NAUTIQUE MAZAMET-AUSSILLON\n<\/div>\n\n\n\n<p>Le Club Nautique Mazamet-Aussillon accueille enfants, ados et adultes pour la pratique de la natation, du loisir \u00e0 la comp\u00e9tition. Encadr\u00e9s par des \u00e9ducateurs dipl\u00f4m\u00e9s, nos nageurs \u00e9voluent dans un cadre motivant, bienveillant et adapt\u00e9 \u00e0 chaque niveau.<\/p>\n\n\n\n<div class=\"titre-inscription\">\n    INSCRIPTIONS 2025 \/ 2026\n<\/div>\n\n\n\n<div class=\"wp-block-buttons is-layout-flex wp-block-buttons-is-layout-flex\">\n<div class=\"wp-block-button\"><a class=\"wp-block-button__link wp-element-button\" href=\"https:\/\/www.cn-mazamet-aussillon.fr\/?page_id=833\"><strong>Voir les informations d\u2019inscription<\/strong><\/a><\/div>\n<\/div>\n\n\n\n<div class=\"titre-inscription\">\n    Actualit\u00e9s du club\n<\/div>\n\n\n<ul class=\"wp-block-latest-posts__list wp-block-latest-posts\"><li><a class=\"wp-block-latest-posts__post-title\" href=\"https:\/\/www.cn-mazamet-aussillon.fr\/?p=2108\">\ud83c\udfca\u200d\u2642\ufe0f Championnats de France Benjamins \u2013 D\u00e9cembre 2025 \ud83c\uddeb\ud83c\uddf7<\/a><\/li>\n<li><a class=\"wp-block-latest-posts__post-title\" href=\"https:\/\/www.cn-mazamet-aussillon.fr\/?p=2104\">Interclubs, 16 novembre<\/a><\/li>\n<li><a class=\"wp-block-latest-posts__post-title\" href=\"https:\/\/www.cn-mazamet-aussillon.fr\/?p=2101\">Comp\u00e9tition d\u00e9partementale &#8211; 19 octobre, Montauban<\/a><\/li>\n<li><a class=\"wp-block-latest-posts__post-title\" href=\"https:\/\/www.cn-mazamet-aussillon.fr\/?p=2080\">Sport nature \u2013 Duo Alix Monnie &amp; Maelyne Carme<\/a><\/li>\n<li><a class=\"wp-block-latest-posts__post-title\" href=\"https:\/\/www.cn-mazamet-aussillon.fr\/?p=2077\">Meilleure espoir femme : Lilou Fabre<\/a><\/li>\n<\/ul>\n\n\n<h1 class=\"wp-block-heading\">\ud83d\udccc&nbsp;<strong>Infos pratiques<\/strong><\/h1>\n\n\n\n<h3 class=\"wp-block-heading\">\ud83c\udfdb\ufe0f&nbsp;<strong>Lieu des entra\u00eenements<\/strong><\/h3>\n\n\n\n<p>Centre Aquatique Mazamet<br>1 Chemin de la Lauze, 81200 Mazamet<\/p>\n\n\n\n<h3 class=\"wp-block-heading\">\ud83d\udd52&nbsp;<strong>Horaires des cours<\/strong><\/h3>\n\n\n\n<p>Les horaires varient selon le groupe (Crevette, Hippocampe, Avenir&#8230;).<br>\u27a1\ufe0f Retrouvez les cr\u00e9neaux complets dans la page&nbsp;<strong>Inscriptions<\/strong>.<\/p>\n\n\n\n<h3 class=\"wp-block-heading\">\ud83d\udc65&nbsp;<strong>Encadrement<\/strong><\/h3>\n\n\n\n<p>Toutes les s\u00e9ances sont assur\u00e9es par des \u00e9ducateurs dipl\u00f4m\u00e9s et exp\u00e9riment\u00e9s, garantissant s\u00e9curit\u00e9 et progression pour chaque nageur.<\/p>\n\n\n\n<p>\ud83d\udcde&nbsp;<strong>Contact<\/strong><\/p>\n\n\n\n<p>Pour toute question :<br>\u27a1\ufe0f&nbsp;<strong><a>cnmazametaussillon@gmail.com<\/a><\/strong><br>\u27a1\ufe0f Ou via le formulaire de contact du site<\/p>\n\n\n\n<p><br>\ud83d\udcf1&nbsp;<strong>Suivez-nous<\/strong><br>Retrouvez les actualit\u00e9s du club sur <a href=\"https:\/\/www.instagram.com\/cn_mazamet.aussillon\/\">Instagram<\/a> ou <a href=\"https:\/\/www.facebook.com\/p\/CN-Mazamet-Aussillon-100013334956563\/\">Facebook<\/a><\/p>\n","protected":false},"excerpt":{"rendered":"<p class=\"excerpt\">BIENVENUE AU CLUB NAUTIQUE MAZAMET-AUSSILLON Le Club Nautique Mazamet-Aussillon accueille enfants, ados et adultes pour la pratique de la natation, du loisir \u00e0 la comp\u00e9tition. Encadr\u00e9s par des \u00e9ducateurs dipl\u00f4m\u00e9s, nos nageurs \u00e9voluent dans un cadre motivant, bienveillant et adapt\u00e9 \u00e0 chaque niveau. INSCRIPTIONS 2025 \/ 2026 Actualit\u00e9s du club \ud83d\udccc&nbsp;Infos pratiques \ud83c\udfdb\ufe0f&nbsp;Lieu des entra\u00eenements Centre Aquatique Mazamet1 Chemin de&hellip; <a href=\"https:\/\/www.cn-mazamet-aussillon.fr\/\">Read more &rarr;<\/a><\/p>\n","protected":false},"author":1,"featured_media":0,"parent":0,"menu_order":0,"comment_status":"closed","ping_status":"closed","template":"","meta":{"footnotes":""},"class_list":["post-2037","page","type-page","status-publish","hentry","xfolkentry"],"_links":{"self":[{"href":"https:\/\/www.cn-mazamet-aussillon.fr\/index.php?rest_route=\/wp\/v2\/pages\/2037","targetHints":{"allow":["GET"]}}],"collection":[{"href":"https:\/\/www.cn-mazamet-aussillon.fr\/index.php?rest_route=\/wp\/v2\/pages"}],"about":[{"href":"https:\/\/www.cn-mazamet-aussillon.fr\/index.php?rest_route=\/wp\/v2\/types\/page"}],"author":[{"embeddable":true,"href":"https:\/\/www.cn-mazamet-aussillon.fr\/index.php?rest_route=\/wp\/v2\/users\/1"}],"replies":[{"embeddable":true,"href":"https:\/\/www.cn-mazamet-aussillon.fr\/index.php?rest_route=%2Fwp%2Fv2%2Fcomments&post=2037"}],"version-history":[{"count":17,"href":"https:\/\/www.cn-mazamet-aussillon.fr\/index.php?rest_route=\/wp\/v2\/pages\/2037\/revisions"}],"predecessor-version":[{"id":2107,"href":"https:\/\/www.cn-mazamet-aussillon.fr\/index.php?rest_route=\/wp\/v2\/pages\/2037\/revisions\/2107"}],"wp:attachment":[{"href":"https:\/\/www.cn-mazamet-aussillon.fr\/index.php?rest_route=%2Fwp%2Fv2%2Fmedia&parent=2037"}],"curies":[{"name":"wp","href":"https:\/\/api.w.org\/{rel}","templated":true}]}}